{"id":2529,"date":"2021-11-23T13:11:12","date_gmt":"2021-11-23T11:11:12","guid":{"rendered":"https:\/\/eislearning.goldenmarket-tn.com\/contact\/"},"modified":"2026-01-28T16:08:42","modified_gmt":"2026-01-28T14:08:42","slug":"contact","status":"publish","type":"page","link":"https:\/\/eislearning.goldenmarket-tn.com\/?page_id=2529","title":{"rendered":"contact"},"content":{"rendered":"\t\t<div data-elementor-type=\"wp-page\" data-elementor-id=\"2529\" class=\"elementor elementor-2529\" data-elementor-post-type=\"page\">\n\t\t\t\t\t\t<section class=\"elementor-section elementor-top-section elementor-element elementor-element-e8bd9fe elementor-section-boxed elementor-section-height-default elementor-section-height-default\" data-id=\"e8bd9fe\" data-element_type=\"section\" data-e-type=\"section\">\n\t\t\t\t\t\t<div class=\"elementor-container elementor-column-gap-default\">\n\t\t\t\t\t<div class=\"elementor-column elementor-col-100 elementor-top-column elementor-element elementor-element-6e112c0\" data-id=\"6e112c0\" data-element_type=\"column\" data-e-type=\"column\">\n\t\t\t<div class=\"elementor-widget-wrap elementor-element-populated\">\n\t\t\t\t\t\t<div class=\"elementor-element elementor-element-13ff843 elementor-widget elementor-widget-text-editor\" data-id=\"13ff843\" data-element_type=\"widget\" data-e-type=\"widget\" data-widget_type=\"text-editor.default\">\n\t\t\t\t<div class=\"elementor-widget-container\">\n\t\t\t\t\t\t\t\t\t<h2 style=\"display: flex; align-items: center; justify-content: center; text-align: center;\"><a style=\"color: #000000; display: flex; align-items: center;\" href=\"https:\/\/www.linkedin.com\/company\/eis-learning\">\n<img decoding=\"async\" style=\"width: 100px; height: 100px; margin-right: 10px;\" src=\"https:\/\/eislearning.goldenmarket-tn.com\/wp-content\/uploads\/2025\/03\/LinkedIn_icon_circle.svg.png\" alt=\"LinkedIn Logo\" \/>\nSuivez-nous sur LinkedIn pour acc\u00e9der en primeur \u00e0 nos vid\u00e9os exclusives, nos actualit\u00e9s, nos formations et \u00e9v\u00e9nements !\n<\/a><\/h2>\t\t\t\t\t\t\t\t<\/div>\n\t\t\t\t<\/div>\n\t\t\t\t\t<\/div>\n\t\t<\/div>\n\t\t\t\t\t<\/div>\n\t\t<\/section>\n\t\t\t\t<section class=\"elementor-section elementor-top-section elementor-element elementor-element-64d967d7 elementor-section-boxed elementor-section-height-default elementor-section-height-default\" data-id=\"64d967d7\" data-element_type=\"section\" data-e-type=\"section\">\n\t\t\t\t\t\t<div class=\"elementor-container elementor-column-gap-default\">\n\t\t\t\t\t<div class=\"elementor-column elementor-col-100 elementor-top-column elementor-element elementor-element-1daf2618\" data-id=\"1daf2618\" data-element_type=\"column\" data-e-type=\"column\">\n\t\t\t<div class=\"elementor-widget-wrap elementor-element-populated\">\n\t\t\t\t\t\t<div class=\"elementor-element elementor-element-36f0a6c1 elementor-widget elementor-widget-heading\" data-id=\"36f0a6c1\" data-element_type=\"widget\" data-e-type=\"widget\" data-widget_type=\"heading.default\">\n\t\t\t\t<div class=\"elementor-widget-container\">\n\t\t\t\t\t<h2 class=\"elementor-heading-title elementor-size-default\">Contact &amp; Inscriptions<\/h2>\t\t\t\t<\/div>\n\t\t\t\t<\/div>\n\t\t\t\t\t<\/div>\n\t\t<\/div>\n\t\t\t\t\t<\/div>\n\t\t<\/section>\n\t\t\t\t<section class=\"elementor-section elementor-top-section elementor-element elementor-element-27d00376 elementor-section-boxed elementor-section-height-default elementor-section-height-default\" data-id=\"27d00376\" data-element_type=\"section\" data-e-type=\"section\">\n\t\t\t\t\t\t<div class=\"elementor-container elementor-column-gap-default\">\n\t\t\t\t\t<div class=\"elementor-column elementor-col-50 elementor-top-column elementor-element elementor-element-169fb9ea\" data-id=\"169fb9ea\" data-element_type=\"column\" data-e-type=\"column\">\n\t\t\t<div class=\"elementor-widget-wrap elementor-element-populated\">\n\t\t\t\t\t\t<div class=\"elementor-element elementor-element-143d50bc elementor-widget elementor-widget-google_maps\" data-id=\"143d50bc\" data-element_type=\"widget\" data-e-type=\"widget\" data-widget_type=\"google_maps.default\">\n\t\t\t\t<div class=\"elementor-widget-container\">\n\t\t\t\t\t\t\t<div class=\"elementor-custom-embed\">\n\t\t\t<iframe loading=\"lazy\"\n\t\t\t\t\tsrc=\"https:\/\/maps.google.com\/maps?q=EIS%2081%20rue%20Diderot%2094&#038;t=m&#038;z=10&#038;output=embed&#038;iwloc=near\"\n\t\t\t\t\ttitle=\"EIS 81 rue Diderot 94\"\n\t\t\t\t\taria-label=\"EIS 81 rue Diderot 94\"\n\t\t\t><\/iframe>\n\t\t<\/div>\n\t\t\t\t\t\t<\/div>\n\t\t\t\t<\/div>\n\t\t\t\t\t<\/div>\n\t\t<\/div>\n\t\t\t\t<div class=\"elementor-column elementor-col-50 elementor-top-column elementor-element elementor-element-28a44903\" data-id=\"28a44903\" data-element_type=\"column\" data-e-type=\"column\">\n\t\t\t<div class=\"elementor-widget-wrap elementor-element-populated\">\n\t\t\t\t\t\t<div class=\"elementor-element elementor-element-1f253e5d elementor-widget elementor-widget-heading\" data-id=\"1f253e5d\" data-element_type=\"widget\" data-e-type=\"widget\" data-widget_type=\"heading.default\">\n\t\t\t\t<div class=\"elementor-widget-container\">\n\t\t\t\t\t<h2 class=\"elementor-heading-title elementor-size-default\">Contactez-nous<\/h2>\t\t\t\t<\/div>\n\t\t\t\t<\/div>\n\t\t\t\t<div class=\"elementor-element elementor-element-25e29999 elementor-widget elementor-widget-text-editor\" data-id=\"25e29999\" data-element_type=\"widget\" data-e-type=\"widget\" data-widget_type=\"text-editor.default\">\n\t\t\t\t<div class=\"elementor-widget-container\">\n\t\t\t\t\t\t\t\t\t<p>L\u2019Ecole est accessible par le m\u00e9tro ligne 1 station \u201cCh\u00e2teau de Vincennes\u201d ou par le RER A station \u201cVincennes\u201d.<\/p>\t\t\t\t\t\t\t\t<\/div>\n\t\t\t\t<\/div>\n\t\t\t\t\t<\/div>\n\t\t<\/div>\n\t\t\t\t\t<\/div>\n\t\t<\/section>\n\t\t\t\t<section class=\"elementor-section elementor-top-section elementor-element elementor-element-5c345a2f elementor-section-boxed elementor-section-height-default elementor-section-height-default\" data-id=\"5c345a2f\" data-element_type=\"section\" data-e-type=\"section\">\n\t\t\t\t\t\t<div class=\"elementor-container elementor-column-gap-default\">\n\t\t\t\t\t<div class=\"elementor-column elementor-col-50 elementor-top-column elementor-element elementor-element-4289438c\" data-id=\"4289438c\" data-element_type=\"column\" data-e-type=\"column\">\n\t\t\t<div class=\"elementor-widget-wrap elementor-element-populated\">\n\t\t\t\t\t\t<div class=\"elementor-element elementor-element-6a3d0d0f elementor-widget elementor-widget-heading\" data-id=\"6a3d0d0f\" data-element_type=\"widget\" data-e-type=\"widget\" data-widget_type=\"heading.default\">\n\t\t\t\t<div class=\"elementor-widget-container\">\n\t\t\t\t\t<h2 class=\"elementor-heading-title elementor-size-default\">Inscriptions<\/h2>\t\t\t\t<\/div>\n\t\t\t\t<\/div>\n\t\t\t\t<div class=\"elementor-element elementor-element-65ccc548 elementor-widget elementor-widget-text-editor\" data-id=\"65ccc548\" data-element_type=\"widget\" data-e-type=\"widget\" data-widget_type=\"text-editor.default\">\n\t\t\t\t<div class=\"elementor-widget-container\">\n\t\t\t\t\t\t\t\t\t<p><strong>E-Mail :\u00a0 <\/strong><a href=\"mailto:contact@eislearning.goldenmarket-tn.com\">contact@eislearning.goldenmarket-tn.com<\/a><\/p><p><strong>Courrier :<br \/><\/strong>\u00c9cole Internationale de Scl\u00e9roth\u00e9rapie<br \/><a href=\"https:\/\/maps.app.goo.gl\/haXBUqTtajGZ6sc89\">81 rue Diderot<\/a><br \/>94300 Vincennes<br \/>France<\/p>\t\t\t\t\t\t\t\t<\/div>\n\t\t\t\t<\/div>\n\t\t\t\t\t<\/div>\n\t\t<\/div>\n\t\t\t\t<div class=\"elementor-column elementor-col-50 elementor-top-column elementor-element elementor-element-3f44b80d\" data-id=\"3f44b80d\" data-element_type=\"column\" data-e-type=\"column\">\n\t\t\t<div class=\"elementor-widget-wrap elementor-element-populated\">\n\t\t\t\t\t\t<div class=\"elementor-element elementor-element-2a967e18 elementor-button-align-center elementor-widget elementor-widget-form\" data-id=\"2a967e18\" data-element_type=\"widget\" data-e-type=\"widget\" data-settings=\"{&quot;step_next_label&quot;:&quot;Suivant&quot;,&quot;step_previous_label&quot;:&quot;Pr\\u00e9c\\u00e9dent&quot;,&quot;button_width&quot;:&quot;100&quot;,&quot;step_type&quot;:&quot;number_text&quot;,&quot;step_icon_shape&quot;:&quot;circle&quot;}\" data-widget_type=\"form.default\">\n\t\t\t\t<div class=\"elementor-widget-container\">\n\t\t\t\t\t\t\t<form class=\"elementor-form\" method=\"post\" name=\"Nouveau formulaire\" aria-label=\"Nouveau formulaire\">\n\t\t\t<input type=\"hidden\" name=\"post_id\" value=\"2529\"\/>\n\t\t\t<input type=\"hidden\" name=\"form_id\" value=\"2a967e18\"\/>\n\t\t\t<input type=\"hidden\" name=\"referer_title\" value=\"contact - EIS\" \/>\n\n\t\t\t\t\t\t\t<input type=\"hidden\" name=\"queried_id\" value=\"2529\"\/>\n\t\t\t\n\t\t\t<div class=\"elementor-form-fields-wrapper elementor-labels-above\">\n\t\t\t\t\t\t\t\t<div class=\"elementor-field-type-text elementor-field-group elementor-column elementor-field-group-name elementor-col-100 elementor-field-required elementor-mark-required\">\n\t\t\t\t\t\t\t\t\t\t\t\t<label for=\"form-field-name\" class=\"elementor-field-label\">\n\t\t\t\t\t\t\t\tNom\t\t\t\t\t\t\t<\/label>\n\t\t\t\t\t\t\t\t\t\t\t\t\t\t<input size=\"1\" type=\"text\" name=\"form_fields[name]\" id=\"form-field-name\" class=\"elementor-field elementor-size-sm  elementor-field-textual\" placeholder=\"Nom\" required=\"required\">\n\t\t\t\t\t\t\t\t\t\t\t<\/div>\n\t\t\t\t\t\t\t\t<div class=\"elementor-field-type-email elementor-field-group elementor-column elementor-field-group-email elementor-col-100 elementor-field-required elementor-mark-required\">\n\t\t\t\t\t\t\t\t\t\t\t\t<label for=\"form-field-email\" class=\"elementor-field-label\">\n\t\t\t\t\t\t\t\tE-mail\t\t\t\t\t\t\t<\/label>\n\t\t\t\t\t\t\t\t\t\t\t\t\t\t<input size=\"1\" type=\"email\" name=\"form_fields[email]\" id=\"form-field-email\" class=\"elementor-field elementor-size-sm  elementor-field-textual\" placeholder=\"E-mail\" required=\"required\">\n\t\t\t\t\t\t\t\t\t\t\t<\/div>\n\t\t\t\t\t\t\t\t<div class=\"elementor-field-type-text elementor-field-group elementor-column elementor-field-group-objet elementor-col-100 elementor-field-required elementor-mark-required\">\n\t\t\t\t\t\t\t\t\t\t\t\t<label for=\"form-field-objet\" class=\"elementor-field-label\">\n\t\t\t\t\t\t\t\tObjet\t\t\t\t\t\t\t<\/label>\n\t\t\t\t\t\t\t\t\t\t\t\t\t\t<input size=\"1\" type=\"text\" name=\"form_fields[objet]\" id=\"form-field-objet\" class=\"elementor-field elementor-size-sm  elementor-field-textual\" placeholder=\"Objet\" required=\"required\">\n\t\t\t\t\t\t\t\t\t\t\t<\/div>\n\t\t\t\t\t\t\t\t<div class=\"elementor-field-type-textarea elementor-field-group elementor-column elementor-field-group-message elementor-col-100\">\n\t\t\t\t\t\t\t\t\t\t\t\t<label for=\"form-field-message\" class=\"elementor-field-label\">\n\t\t\t\t\t\t\t\tMessage\t\t\t\t\t\t\t<\/label>\n\t\t\t\t\t\t<textarea class=\"elementor-field-textual elementor-field  elementor-size-sm\" name=\"form_fields[message]\" id=\"form-field-message\" rows=\"4\" placeholder=\"Message\"><\/textarea>\t\t\t\t<\/div>\n\t\t\t\t\t\t\t\t<div class=\"elementor-field-group elementor-column elementor-field-type-submit elementor-col-100 e-form__buttons\">\n\t\t\t\t\t<button class=\"elementor-button elementor-size-sm elementor-animation-grow\" type=\"submit\">\n\t\t\t\t\t\t<span class=\"elementor-button-content-wrapper\">\n\t\t\t\t\t\t\t\t\t\t\t\t\t\t\t\t\t\t\t\t\t\t<span class=\"elementor-button-text\">Envoyer<\/span>\n\t\t\t\t\t\t\t\t\t\t\t\t\t<\/span>\n\t\t\t\t\t<\/button>\n\t\t\t\t<\/div>\n\t\t\t<\/div>\n\t\t<\/form>\n\t\t\t\t\t\t<\/div>\n\t\t\t\t<\/div>\n\t\t\t\t\t<\/div>\n\t\t<\/div>\n\t\t\t\t\t<\/div>\n\t\t<\/section>\n\t\t\t\t<\/div>\n\t\t","protected":false},"excerpt":{"rendered":"<p>Suivez-nous sur LinkedIn pour acc\u00e9der en primeur \u00e0 nos vid\u00e9os exclusives, nos actualit\u00e9s, nos formations et \u00e9v\u00e9nements ! Contact &amp; Inscriptions Contactez-nous L\u2019Ecole est accessible par le m\u00e9tro ligne 1 station \u201cCh\u00e2teau de Vincennes\u201d ou par le RER A station \u201cVincennes\u201d. Inscriptions E-Mail :\u00a0 contact@eislearning.goldenmarket-tn.com Courrier :\u00c9cole Internationale de Scl\u00e9roth\u00e9rapie81 rue Diderot94300 VincennesFrance<\/p>\n","protected":false},"author":2,"featured_media":0,"parent":0,"menu_order":0,"comment_status":"closed","ping_status":"closed","template":"","meta":{"_uag_custom_page_level_css":"","site-sidebar-layout":"no-sidebar","site-content-layout":"page-builder","ast-site-content-layout":"default","site-content-style":"default","site-sidebar-style":"default","ast-global-header-display":"","ast-banner-title-visibility":"","ast-main-header-display":"","ast-hfb-above-header-display":"","ast-hfb-below-header-display":"","ast-hfb-mobile-header-display":"","site-post-title":"disabled","ast-breadcrumbs-content":"","ast-featured-img":"disabled","footer-sml-layout":"","ast-disable-related-posts":"","theme-transparent-header-meta":"","adv-header-id-meta":"","stick-header-meta":"","header-above-stick-meta":"","header-main-stick-meta":"","header-below-stick-meta":"","astra-migrate-meta-layouts":"default","ast-page-background-enabled":"default","ast-page-background-meta":{"desktop":{"background-color":"var(--ast-global-color-4)","background-image":"","background-repeat":"repeat","background-position":"center center","background-size":"auto","background-attachment":"scroll","background-type":"","background-media":"","overlay-type":"","overlay-color":"","overlay-opacity":"","overlay-gradient":""},"tablet":{"background-color":"","background-image":"","background-repeat":"repeat","background-position":"center center","background-size":"auto","background-attachment":"scroll","background-type":"","background-media":"","overlay-type":"","overlay-color":"","overlay-opacity":"","overlay-gradient":""},"mobile":{"background-color":"","background-image":"","background-repeat":"repeat","background-position":"center center","background-size":"auto","background-attachment":"scroll","background-type":"","background-media":"","overlay-type":"","overlay-color":"","overlay-opacity":"","overlay-gradient":""}},"ast-content-background-meta":{"desktop":{"background-color":"var(--ast-global-color-5)","background-image":"","background-repeat":"repeat","background-position":"center center","background-size":"auto","background-attachment":"scroll","background-type":"","background-media":"","overlay-type":"","overlay-color":"","overlay-opacity":"","overlay-gradient":""},"tablet":{"background-color":"var(--ast-global-color-5)","background-image":"","background-repeat":"repeat","background-position":"center center","background-size":"auto","background-attachment":"scroll","background-type":"","background-media":"","overlay-type":"","overlay-color":"","overlay-opacity":"","overlay-gradient":""},"mobile":{"background-color":"var(--ast-global-color-5)","background-image":"","background-repeat":"repeat","background-position":"center center","background-size":"auto","background-attachment":"scroll","background-type":"","background-media":"","overlay-type":"","overlay-color":"","overlay-opacity":"","overlay-gradient":""}},"footnotes":""},"class_list":["post-2529","page","type-page","status-publish","hentry"],"yoast_head":"<!-- This site is optimized with the Yoast SEO plugin v27.1.1 - https:\/\/yoast.com\/product\/yoast-seo-wordpress\/ -->\n<title>contact - EIS<\/title>\n<meta name=\"robots\" content=\"index, follow, max-snippet:-1, max-image-preview:large, max-video-preview:-1\" \/>\n<link rel=\"canonical\" href=\"https:\/\/eislearning.goldenmarket-tn.com\/?page_id=2529\" \/>\n<meta property=\"og:locale\" content=\"fr_FR\" \/>\n<meta property=\"og:type\" content=\"article\" \/>\n<meta property=\"og:title\" content=\"contact - EIS\" \/>\n<meta property=\"og:description\" content=\"Suivez-nous sur LinkedIn pour acc\u00e9der en primeur \u00e0 nos vid\u00e9os exclusives, nos actualit\u00e9s, nos formations et \u00e9v\u00e9nements ! Contact &amp; Inscriptions Contactez-nous L\u2019Ecole est accessible par le m\u00e9tro ligne 1 station \u201cCh\u00e2teau de Vincennes\u201d ou par le RER A station \u201cVincennes\u201d. Inscriptions E-Mail :\u00a0 contact@eislearning.goldenmarket-tn.com Courrier :\u00c9cole Internationale de Scl\u00e9roth\u00e9rapie81 rue Diderot94300 VincennesFrance\" \/>\n<meta property=\"og:url\" content=\"https:\/\/eislearning.goldenmarket-tn.com\/?page_id=2529\" \/>\n<meta property=\"og:site_name\" content=\"EIS\" \/>\n<meta property=\"article:modified_time\" content=\"2026-01-28T14:08:42+00:00\" \/>\n<meta property=\"og:image\" content=\"https:\/\/eislearning.goldenmarket-tn.com\/wp-content\/uploads\/2025\/03\/LinkedIn_icon_circle.svg.png\" \/>\n<meta name=\"twitter:card\" content=\"summary_large_image\" \/>\n<meta name=\"twitter:site\" content=\"@EisLearning\" \/>\n<meta name=\"twitter:label1\" content=\"Dur\u00e9e de lecture estim\u00e9e\" \/>\n\t<meta name=\"twitter:data1\" content=\"1 minute\" \/>\n<script type=\"application\/ld+json\" class=\"yoast-schema-graph\">{\"@context\":\"https:\/\/schema.org\",\"@graph\":[{\"@type\":\"WebPage\",\"@id\":\"https:\/\/eislearning.goldenmarket-tn.com\/?page_id=2529\",\"url\":\"https:\/\/eislearning.goldenmarket-tn.com\/?page_id=2529\",\"name\":\"contact - EIS\",\"isPartOf\":{\"@id\":\"https:\/\/eislearning.goldenmarket-tn.com\/#website\"},\"primaryImageOfPage\":{\"@id\":\"https:\/\/eislearning.goldenmarket-tn.com\/?page_id=2529#primaryimage\"},\"image\":{\"@id\":\"https:\/\/eislearning.goldenmarket-tn.com\/?page_id=2529#primaryimage\"},\"thumbnailUrl\":\"https:\/\/eislearning.goldenmarket-tn.com\/wp-content\/uploads\/2025\/03\/LinkedIn_icon_circle.svg.png\",\"datePublished\":\"2021-11-23T11:11:12+00:00\",\"dateModified\":\"2026-01-28T14:08:42+00:00\",\"breadcrumb\":{\"@id\":\"https:\/\/eislearning.goldenmarket-tn.com\/?page_id=2529#breadcrumb\"},\"inLanguage\":\"fr-FR\",\"potentialAction\":[{\"@type\":\"ReadAction\",\"target\":[\"https:\/\/eislearning.goldenmarket-tn.com\/?page_id=2529\"]}]},{\"@type\":\"ImageObject\",\"inLanguage\":\"fr-FR\",\"@id\":\"https:\/\/eislearning.goldenmarket-tn.com\/?page_id=2529#primaryimage\",\"url\":\"https:\/\/eislearning.goldenmarket-tn.com\/wp-content\/uploads\/2025\/03\/LinkedIn_icon_circle.svg.png\",\"contentUrl\":\"https:\/\/eislearning.goldenmarket-tn.com\/wp-content\/uploads\/2025\/03\/LinkedIn_icon_circle.svg.png\",\"width\":1024,\"height\":1024,\"caption\":\"Linkedin Icon Circle.svg\"},{\"@type\":\"BreadcrumbList\",\"@id\":\"https:\/\/eislearning.goldenmarket-tn.com\/?page_id=2529#breadcrumb\",\"itemListElement\":[{\"@type\":\"ListItem\",\"position\":1,\"name\":\"Accueil\",\"item\":\"https:\/\/eislearning.goldenmarket-tn.com\/\"},{\"@type\":\"ListItem\",\"position\":2,\"name\":\"contact\"}]},{\"@type\":\"WebSite\",\"@id\":\"https:\/\/eislearning.goldenmarket-tn.com\/#website\",\"url\":\"https:\/\/eislearning.goldenmarket-tn.com\/\",\"name\":\"EIS Learning\",\"description\":\"L&#039;\u00e9cole de la m\u00e9thode\",\"publisher\":{\"@id\":\"https:\/\/eislearning.goldenmarket-tn.com\/#organization\"},\"alternateName\":\"EIS\",\"potentialAction\":[{\"@type\":\"SearchAction\",\"target\":{\"@type\":\"EntryPoint\",\"urlTemplate\":\"https:\/\/eislearning.goldenmarket-tn.com\/?s={search_term_string}\"},\"query-input\":{\"@type\":\"PropertyValueSpecification\",\"valueRequired\":true,\"valueName\":\"search_term_string\"}}],\"inLanguage\":\"fr-FR\"},{\"@type\":\"Organization\",\"@id\":\"https:\/\/eislearning.goldenmarket-tn.com\/#organization\",\"name\":\"EIS - Ecole Internationale de scl\u00e9roth\u00e9rapie\",\"url\":\"https:\/\/eislearning.goldenmarket-tn.com\/\",\"logo\":{\"@type\":\"ImageObject\",\"inLanguage\":\"fr-FR\",\"@id\":\"https:\/\/eislearning.goldenmarket-tn.com\/#\/schema\/logo\/image\/\",\"url\":\"https:\/\/eislearning.goldenmarket-tn.com\/wp-content\/uploads\/2019\/06\/Logo-EIS.jpg\",\"contentUrl\":\"https:\/\/eislearning.goldenmarket-tn.com\/wp-content\/uploads\/2019\/06\/Logo-EIS.jpg\",\"width\":2001,\"height\":1125,\"caption\":\"EIS - Ecole Internationale de scl\u00e9roth\u00e9rapie\"},\"image\":{\"@id\":\"https:\/\/eislearning.goldenmarket-tn.com\/#\/schema\/logo\/image\/\"},\"sameAs\":[\"https:\/\/x.com\/EisLearning\",\"https:\/\/www.linkedin.com\/company\/eis-learning\/posts\/?feedView=all\",\"https:\/\/www.instagram.com\/eislearning94\/\"]}]}<\/script>\n<!-- \/ Yoast SEO plugin. -->","yoast_head_json":{"title":"contact - EIS","robots":{"index":"index","follow":"follow","max-snippet":"max-snippet:-1","max-image-preview":"max-image-preview:large","max-video-preview":"max-video-preview:-1"},"canonical":"https:\/\/eislearning.goldenmarket-tn.com\/?page_id=2529","og_locale":"fr_FR","og_type":"article","og_title":"contact - EIS","og_description":"Suivez-nous sur LinkedIn pour acc\u00e9der en primeur \u00e0 nos vid\u00e9os exclusives, nos actualit\u00e9s, nos formations et \u00e9v\u00e9nements ! Contact &amp; Inscriptions Contactez-nous L\u2019Ecole est accessible par le m\u00e9tro ligne 1 station \u201cCh\u00e2teau de Vincennes\u201d ou par le RER A station \u201cVincennes\u201d. Inscriptions E-Mail :\u00a0 contact@eislearning.goldenmarket-tn.com Courrier :\u00c9cole Internationale de Scl\u00e9roth\u00e9rapie81 rue Diderot94300 VincennesFrance","og_url":"https:\/\/eislearning.goldenmarket-tn.com\/?page_id=2529","og_site_name":"EIS","article_modified_time":"2026-01-28T14:08:42+00:00","og_image":[{"url":"https:\/\/eislearning.goldenmarket-tn.com\/wp-content\/uploads\/2025\/03\/LinkedIn_icon_circle.svg.png","type":"","width":"","height":""}],"twitter_card":"summary_large_image","twitter_site":"@EisLearning","twitter_misc":{"Dur\u00e9e de lecture estim\u00e9e":"1 minute"},"schema":{"@context":"https:\/\/schema.org","@graph":[{"@type":"WebPage","@id":"https:\/\/eislearning.goldenmarket-tn.com\/?page_id=2529","url":"https:\/\/eislearning.goldenmarket-tn.com\/?page_id=2529","name":"contact - EIS","isPartOf":{"@id":"https:\/\/eislearning.goldenmarket-tn.com\/#website"},"primaryImageOfPage":{"@id":"https:\/\/eislearning.goldenmarket-tn.com\/?page_id=2529#primaryimage"},"image":{"@id":"https:\/\/eislearning.goldenmarket-tn.com\/?page_id=2529#primaryimage"},"thumbnailUrl":"https:\/\/eislearning.goldenmarket-tn.com\/wp-content\/uploads\/2025\/03\/LinkedIn_icon_circle.svg.png","datePublished":"2021-11-23T11:11:12+00:00","dateModified":"2026-01-28T14:08:42+00:00","breadcrumb":{"@id":"https:\/\/eislearning.goldenmarket-tn.com\/?page_id=2529#breadcrumb"},"inLanguage":"fr-FR","potentialAction":[{"@type":"ReadAction","target":["https:\/\/eislearning.goldenmarket-tn.com\/?page_id=2529"]}]},{"@type":"ImageObject","inLanguage":"fr-FR","@id":"https:\/\/eislearning.goldenmarket-tn.com\/?page_id=2529#primaryimage","url":"https:\/\/eislearning.goldenmarket-tn.com\/wp-content\/uploads\/2025\/03\/LinkedIn_icon_circle.svg.png","contentUrl":"https:\/\/eislearning.goldenmarket-tn.com\/wp-content\/uploads\/2025\/03\/LinkedIn_icon_circle.svg.png","width":1024,"height":1024,"caption":"Linkedin Icon Circle.svg"},{"@type":"BreadcrumbList","@id":"https:\/\/eislearning.goldenmarket-tn.com\/?page_id=2529#breadcrumb","itemListElement":[{"@type":"ListItem","position":1,"name":"Accueil","item":"https:\/\/eislearning.goldenmarket-tn.com\/"},{"@type":"ListItem","position":2,"name":"contact"}]},{"@type":"WebSite","@id":"https:\/\/eislearning.goldenmarket-tn.com\/#website","url":"https:\/\/eislearning.goldenmarket-tn.com\/","name":"EIS Learning","description":"L&#039;\u00e9cole de la m\u00e9thode","publisher":{"@id":"https:\/\/eislearning.goldenmarket-tn.com\/#organization"},"alternateName":"EIS","potentialAction":[{"@type":"SearchAction","target":{"@type":"EntryPoint","urlTemplate":"https:\/\/eislearning.goldenmarket-tn.com\/?s={search_term_string}"},"query-input":{"@type":"PropertyValueSpecification","valueRequired":true,"valueName":"search_term_string"}}],"inLanguage":"fr-FR"},{"@type":"Organization","@id":"https:\/\/eislearning.goldenmarket-tn.com\/#organization","name":"EIS - Ecole Internationale de scl\u00e9roth\u00e9rapie","url":"https:\/\/eislearning.goldenmarket-tn.com\/","logo":{"@type":"ImageObject","inLanguage":"fr-FR","@id":"https:\/\/eislearning.goldenmarket-tn.com\/#\/schema\/logo\/image\/","url":"https:\/\/eislearning.goldenmarket-tn.com\/wp-content\/uploads\/2019\/06\/Logo-EIS.jpg","contentUrl":"https:\/\/eislearning.goldenmarket-tn.com\/wp-content\/uploads\/2019\/06\/Logo-EIS.jpg","width":2001,"height":1125,"caption":"EIS - Ecole Internationale de scl\u00e9roth\u00e9rapie"},"image":{"@id":"https:\/\/eislearning.goldenmarket-tn.com\/#\/schema\/logo\/image\/"},"sameAs":["https:\/\/x.com\/EisLearning","https:\/\/www.linkedin.com\/company\/eis-learning\/posts\/?feedView=all","https:\/\/www.instagram.com\/eislearning94\/"]}]}},"uagb_featured_image_src":{"full":false,"thumbnail":false,"medium":false,"medium_large":false,"large":false,"1536x1536":false,"2048x2048":false},"uagb_author_info":{"display_name":"Terramorsi pierre","author_link":"https:\/\/eislearning.goldenmarket-tn.com\/?author=2"},"uagb_comment_info":0,"uagb_excerpt":"Suivez-nous sur LinkedIn pour acc\u00e9der en primeur \u00e0 nos vid\u00e9os exclusives, nos actualit\u00e9s, nos formations et \u00e9v\u00e9nements ! Contact &amp; Inscriptions Contactez-nous L\u2019Ecole est accessible par le m\u00e9tro ligne 1 station \u201cCh\u00e2teau de Vincennes\u201d ou par le RER A station \u201cVincennes\u201d. Inscriptions E-Mail :\u00a0 contact@eislearning.goldenmarket-tn.com Courrier :\u00c9cole Internationale de Scl\u00e9roth\u00e9rapie81 rue Diderot94300 VincennesFrance","_links":{"self":[{"href":"https:\/\/eislearning.goldenmarket-tn.com\/index.php?rest_route=\/wp\/v2\/pages\/2529","targetHints":{"allow":["GET"]}}],"collection":[{"href":"https:\/\/eislearning.goldenmarket-tn.com\/index.php?rest_route=\/wp\/v2\/pages"}],"about":[{"href":"https:\/\/eislearning.goldenmarket-tn.com\/index.php?rest_route=\/wp\/v2\/types\/page"}],"author":[{"embeddable":true,"href":"https:\/\/eislearning.goldenmarket-tn.com\/index.php?rest_route=\/wp\/v2\/users\/2"}],"replies":[{"embeddable":true,"href":"https:\/\/eislearning.goldenmarket-tn.com\/index.php?rest_route=%2Fwp%2Fv2%2Fcomments&post=2529"}],"version-history":[{"count":55,"href":"https:\/\/eislearning.goldenmarket-tn.com\/index.php?rest_route=\/wp\/v2\/pages\/2529\/revisions"}],"predecessor-version":[{"id":5458,"href":"https:\/\/eislearning.goldenmarket-tn.com\/index.php?rest_route=\/wp\/v2\/pages\/2529\/revisions\/5458"}],"wp:attachment":[{"href":"https:\/\/eislearning.goldenmarket-tn.com\/index.php?rest_route=%2Fwp%2Fv2%2Fmedia&parent=2529"}],"curies":[{"name":"wp","href":"https:\/\/api.w.org\/{rel}","templated":true}]}}