{"id":3099,"date":"2022-02-24T11:53:58","date_gmt":"2022-02-24T09:53:58","guid":{"rendered":"https:\/\/eislearning.goldenmarket-tn.com\/?page_id=3099"},"modified":"2025-03-07T20:23:22","modified_gmt":"2025-03-07T18:23:22","slug":"partenariats","status":"publish","type":"page","link":"https:\/\/eislearning.goldenmarket-tn.com\/?page_id=3099","title":{"rendered":"Partenariats"},"content":{"rendered":"\t\t<div data-elementor-type=\"wp-page\" data-elementor-id=\"3099\" class=\"elementor elementor-3099\" data-elementor-post-type=\"page\">\n\t\t\t\t\t\t<section class=\"elementor-section elementor-top-section elementor-element elementor-element-01e2f7b elementor-section-boxed elementor-section-height-default elementor-section-height-default\" data-id=\"01e2f7b\" data-element_type=\"section\" data-e-type=\"section\">\n\t\t\t\t\t\t<div class=\"elementor-container elementor-column-gap-default\">\n\t\t\t\t\t<div class=\"elementor-column elementor-col-100 elementor-top-column elementor-element elementor-element-7b5ed18\" data-id=\"7b5ed18\" data-element_type=\"column\" data-e-type=\"column\">\n\t\t\t<div class=\"elementor-widget-wrap elementor-element-populated\">\n\t\t\t\t\t\t<div class=\"elementor-element elementor-element-0802983 elementor-widget elementor-widget-text-editor\" data-id=\"0802983\" data-element_type=\"widget\" data-e-type=\"widget\" data-widget_type=\"text-editor.default\">\n\t\t\t\t<div class=\"elementor-widget-container\">\n\t\t\t\t\t\t\t\t\t<h2 style=\"display: flex; align-items: center; justify-content: center; text-align: center;\"><a style=\"color: #000000; display: flex; align-items: center;\" href=\"https:\/\/www.linkedin.com\/company\/eis-learning\">\n<img decoding=\"async\" style=\"width: 100px; height: 100px; margin-right: 10px;\" src=\"https:\/\/eislearning.goldenmarket-tn.com\/wp-content\/uploads\/2025\/03\/LinkedIn_icon_circle.svg.png\" alt=\"LinkedIn Logo\" \/>\nSuivez-nous sur LinkedIn pour acc\u00e9der en primeur \u00e0 nos vid\u00e9os exclusives, nos actualit\u00e9s, nos formations et \u00e9v\u00e9nements !\n<\/a><\/h2>\t\t\t\t\t\t\t\t<\/div>\n\t\t\t\t<\/div>\n\t\t\t\t\t<\/div>\n\t\t<\/div>\n\t\t\t\t\t<\/div>\n\t\t<\/section>\n\t\t\t\t<section class=\"elementor-section elementor-top-section elementor-element elementor-element-ebbe288 elementor-section-boxed elementor-section-height-default elementor-section-height-default\" data-id=\"ebbe288\" data-element_type=\"section\" data-e-type=\"section\">\n\t\t\t\t\t\t<div class=\"elementor-container elementor-column-gap-default\">\n\t\t\t\t\t<div class=\"elementor-column elementor-col-100 elementor-top-column elementor-element elementor-element-0ec3888\" data-id=\"0ec3888\" data-element_type=\"column\" data-e-type=\"column\">\n\t\t\t<div class=\"elementor-widget-wrap elementor-element-populated\">\n\t\t\t\t\t\t<div class=\"elementor-element elementor-element-6891014 elementor-widget elementor-widget-heading\" data-id=\"6891014\" data-element_type=\"widget\" data-e-type=\"widget\" data-widget_type=\"heading.default\">\n\t\t\t\t<div class=\"elementor-widget-container\">\n\t\t\t\t\t<h2 class=\"elementor-heading-title elementor-size-default\">Partenariats<\/h2>\t\t\t\t<\/div>\n\t\t\t\t<\/div>\n\t\t\t\t\t<\/div>\n\t\t<\/div>\n\t\t\t\t\t<\/div>\n\t\t<\/section>\n\t\t\t\t<section class=\"elementor-section elementor-top-section elementor-element elementor-element-4881c5b elementor-section-boxed elementor-section-height-default elementor-section-height-default\" data-id=\"4881c5b\" data-element_type=\"section\" data-e-type=\"section\">\n\t\t\t\t\t\t<div class=\"elementor-container elementor-column-gap-default\">\n\t\t\t\t\t<div class=\"elementor-column elementor-col-100 elementor-top-column elementor-element elementor-element-3e7b8a1\" data-id=\"3e7b8a1\" data-element_type=\"column\" data-e-type=\"column\">\n\t\t\t<div class=\"elementor-widget-wrap elementor-element-populated\">\n\t\t\t\t\t\t<div class=\"elementor-element elementor-element-ac286c5 elementor-headline--style-highlight elementor-widget elementor-widget-animated-headline\" data-id=\"ac286c5\" data-element_type=\"widget\" data-e-type=\"widget\" data-settings=\"{&quot;highlighted_text&quot;:&quot;partenaires&quot;,&quot;marker&quot;:&quot;underline&quot;,&quot;headline_style&quot;:&quot;highlight&quot;,&quot;loop&quot;:&quot;yes&quot;,&quot;highlight_animation_duration&quot;:1200,&quot;highlight_iteration_delay&quot;:8000}\" data-widget_type=\"animated-headline.default\">\n\t\t\t\t<div class=\"elementor-widget-container\">\n\t\t\t\t\t\t\t<h3 class=\"elementor-headline\">\n\t\t\t\t\t<span class=\"elementor-headline-plain-text elementor-headline-text-wrapper\">L'EIS a plusieurs<\/span>\n\t\t\t\t<span class=\"elementor-headline-dynamic-wrapper elementor-headline-text-wrapper\">\n\t\t\t\t\t<span class=\"elementor-headline-dynamic-text elementor-headline-text-active\">partenaires<\/span>\n\t\t\t\t<\/span>\n\t\t\t\t<\/h3>\n\t\t\t\t\t\t<\/div>\n\t\t\t\t<\/div>\n\t\t\t\t<div class=\"elementor-element elementor-element-2ff1474 elementor-widget elementor-widget-text-editor\" data-id=\"2ff1474\" data-element_type=\"widget\" data-e-type=\"widget\" data-widget_type=\"text-editor.default\">\n\t\t\t\t<div class=\"elementor-widget-container\">\n\t\t\t\t\t\t\t\t\t<p>Pour la fabrication de la mousse scl\u00e9rosante : <strong>Sterivein<\/strong><\/p><p>Pour l&#8217;imagerie 3D : <strong>Piur Imaging<\/strong><\/p><p>Pour les \u00e9choDoppler : <strong>Esaote<\/strong><\/p><p>Pour la simulation m\u00e9dicale et le mat\u00e9riel d&#8217;enseignement : <strong>3B Scientific<\/strong><\/p>\t\t\t\t\t\t\t\t<\/div>\n\t\t\t\t<\/div>\n\t\t\t\t\t<\/div>\n\t\t<\/div>\n\t\t\t\t\t<\/div>\n\t\t<\/section>\n\t\t\t\t<section class=\"elementor-section elementor-top-section elementor-element elementor-element-4ab7512 elementor-section-boxed elementor-section-height-default elementor-section-height-default\" data-id=\"4ab7512\" data-element_type=\"section\" data-e-type=\"section\">\n\t\t\t\t\t\t<div class=\"elementor-container elementor-column-gap-default\">\n\t\t\t\t\t<div class=\"elementor-column elementor-col-100 elementor-top-column elementor-element elementor-element-1a5d595\" data-id=\"1a5d595\" data-element_type=\"column\" data-e-type=\"column\">\n\t\t\t<div class=\"elementor-widget-wrap elementor-element-populated\">\n\t\t\t\t\t\t<div class=\"elementor-element elementor-element-507e6e5 elementor--h-position-center elementor--v-position-middle elementor-arrows-position-inside elementor-pagination-position-inside elementor-widget elementor-widget-slides\" data-id=\"507e6e5\" data-element_type=\"widget\" data-e-type=\"widget\" data-settings=\"{&quot;transition_speed&quot;:5056,&quot;autoplay_speed&quot;:5,&quot;navigation&quot;:&quot;both&quot;,&quot;autoplay&quot;:&quot;yes&quot;,&quot;pause_on_hover&quot;:&quot;yes&quot;,&quot;pause_on_interaction&quot;:&quot;yes&quot;,&quot;infinite&quot;:&quot;yes&quot;,&quot;transition&quot;:&quot;slide&quot;}\" data-widget_type=\"slides.default\">\n\t\t\t\t<div class=\"elementor-widget-container\">\n\t\t\t\t\t\t\t\t\t<div class=\"elementor-swiper\">\n\t\t\t\t\t<div class=\"elementor-slides-wrapper elementor-main-swiper swiper\" role=\"region\" aria-roledescription=\"carousel\" aria-label=\"Diapositives\" dir=\"ltr\" data-animation=\"fadeInRight\">\n\t\t\t\t<div class=\"swiper-wrapper elementor-slides\">\n\t\t\t\t\t\t\t\t\t\t<div class=\"elementor-repeater-item-45c09af swiper-slide\" role=\"group\" aria-roledescription=\"slide\"><div class=\"swiper-slide-bg elementor-ken-burns elementor-ken-burns--out\" role=\"img\" aria-label=\"Design Sans Titre2\"><\/div><a class=\"swiper-slide-inner\" href=\"https:\/\/www.sterivein.com\/\" target=\"_blank\"><div class=\"swiper-slide-contents\"><\/div><\/a><\/div><div class=\"elementor-repeater-item-5439851 swiper-slide\" role=\"group\" aria-roledescription=\"slide\"><div class=\"swiper-slide-bg elementor-ken-burns elementor-ken-burns--in\" role=\"img\" aria-label=\"Logo_1920_1080\"><\/div><a class=\"swiper-slide-inner\" href=\"https:\/\/piurimaging.com\/\" target=\"_blank\"><div class=\"swiper-slide-contents\"><\/div><\/a><\/div><div class=\"elementor-repeater-item-f08d053 swiper-slide\" role=\"group\" aria-roledescription=\"slide\"><div class=\"swiper-slide-bg\" role=\"img\" aria-label=\"esaotemedical_RGB\"><\/div><a class=\"swiper-slide-inner\" href=\"https:\/\/www.esaote.com\/fr-FR\/reseau-mondial\/esaote-medical\/\" target=\"_blank\"><div class=\"swiper-slide-contents\"><\/div><\/a><\/div><div class=\"elementor-repeater-item-9c8a7c4 swiper-slide\" role=\"group\" aria-roledescription=\"slide\"><div class=\"swiper-slide-bg\" role=\"img\" aria-label=\"unnamed (8)\"><\/div><a class=\"swiper-slide-inner\" href=\"https:\/\/www.esaote.com\/fr-FR\/reseau-mondial\/esaote-medical\/\" target=\"_blank\"><div class=\"swiper-slide-contents\"><\/div><\/a><\/div>\t\t\t\t<\/div>\n\t\t\t\t\t\t\t\t\t\t\t\t\t\t\t<div class=\"elementor-swiper-button elementor-swiper-button-prev\" role=\"button\" tabindex=\"0\" aria-label=\"Diapositive pr\u00e9c\u00e9dente\">\n\t\t\t\t\t\t\t<i aria-hidden=\"true\" class=\"eicon-chevron-left\"><\/i>\t\t\t\t\t\t<\/div>\n\t\t\t\t\t\t<div class=\"elementor-swiper-button elementor-swiper-button-next\" role=\"button\" tabindex=\"0\" aria-label=\"Diapositive suivante\">\n\t\t\t\t\t\t\t<i aria-hidden=\"true\" class=\"eicon-chevron-right\"><\/i>\t\t\t\t\t\t<\/div>\n\t\t\t\t\t\t\t\t\t\t\t\t\t\t\t\t<div class=\"swiper-pagination\"><\/div>\n\t\t\t\t\t\t\t\t\t\t\t\t<\/div>\n\t\t\t\t<\/div>\n\t\t\t\t\t\t\t\t<\/div>\n\t\t\t\t<\/div>\n\t\t\t\t\t<\/div>\n\t\t<\/div>\n\t\t\t\t\t<\/div>\n\t\t<\/section>\n\t\t\t\t<\/div>\n\t\t","protected":false},"excerpt":{"rendered":"<p>Suivez-nous sur LinkedIn pour acc\u00e9der en primeur \u00e0 nos vid\u00e9os exclusives, nos actualit\u00e9s, nos formations et \u00e9v\u00e9nements ! Partenariats L&#8217;EIS a plusieurs partenaires Pour la fabrication de la mousse scl\u00e9rosante : Sterivein Pour l&#8217;imagerie 3D : Piur Imaging Pour les \u00e9choDoppler : Esaote Pour la simulation m\u00e9dicale et le mat\u00e9riel d&#8217;enseignement : 3B Scientific Diapositive [&hellip;]<\/p>\n","protected":false},"author":3,"featured_media":0,"parent":0,"menu_order":0,"comment_status":"closed","ping_status":"closed","template":"","meta":{"_uag_custom_page_level_css":"","site-sidebar-layout":"no-sidebar","site-content-layout":"page-builder","ast-site-content-layout":"default","site-content-style":"default","site-sidebar-style":"default","ast-global-header-display":"","ast-banner-title-visibility":"","ast-main-header-display":"","ast-hfb-above-header-display":"","ast-hfb-below-header-display":"","ast-hfb-mobile-header-display":"","site-post-title":"disabled","ast-breadcrumbs-content":"","ast-featured-img":"disabled","footer-sml-layout":"","ast-disable-related-posts":"","theme-transparent-header-meta":"","adv-header-id-meta":"","stick-header-meta":"","header-above-stick-meta":"","header-main-stick-meta":"","header-below-stick-meta":"","astra-migrate-meta-layouts":"default","ast-page-background-enabled":"default","ast-page-background-meta":{"desktop":{"background-color":"var(--ast-global-color-4)","background-image":"","background-repeat":"repeat","background-position":"center center","background-size":"auto","background-attachment":"scroll","background-type":"","background-media":"","overlay-type":"","overlay-color":"","overlay-opacity":"","overlay-gradient":""},"tablet":{"background-color":"","background-image":"","background-repeat":"repeat","background-position":"center center","background-size":"auto","background-attachment":"scroll","background-type":"","background-media":"","overlay-type":"","overlay-color":"","overlay-opacity":"","overlay-gradient":""},"mobile":{"background-color":"","background-image":"","background-repeat":"repeat","background-position":"center center","background-size":"auto","background-attachment":"scroll","background-type":"","background-media":"","overlay-type":"","overlay-color":"","overlay-opacity":"","overlay-gradient":""}},"ast-content-background-meta":{"desktop":{"background-color":"var(--ast-global-color-5)","background-image":"","background-repeat":"repeat","background-position":"center center","background-size":"auto","background-attachment":"scroll","background-type":"","background-media":"","overlay-type":"","overlay-color":"","overlay-opacity":"","overlay-gradient":""},"tablet":{"background-color":"var(--ast-global-color-5)","background-image":"","background-repeat":"repeat","background-position":"center center","background-size":"auto","background-attachment":"scroll","background-type":"","background-media":"","overlay-type":"","overlay-color":"","overlay-opacity":"","overlay-gradient":""},"mobile":{"background-color":"var(--ast-global-color-5)","background-image":"","background-repeat":"repeat","background-position":"center center","background-size":"auto","background-attachment":"scroll","background-type":"","background-media":"","overlay-type":"","overlay-color":"","overlay-opacity":"","overlay-gradient":""}},"footnotes":""},"class_list":["post-3099","page","type-page","status-publish","hentry"],"yoast_head":"<!-- This site is optimized with the Yoast SEO plugin v27.1.1 - https:\/\/yoast.com\/product\/yoast-seo-wordpress\/ -->\n<title>Partenariats - EIS<\/title>\n<meta name=\"robots\" content=\"index, follow, max-snippet:-1, max-image-preview:large, max-video-preview:-1\" \/>\n<link rel=\"canonical\" href=\"https:\/\/eislearning.goldenmarket-tn.com\/?page_id=3099\" \/>\n<meta property=\"og:locale\" content=\"fr_FR\" \/>\n<meta property=\"og:type\" content=\"article\" \/>\n<meta property=\"og:title\" content=\"Partenariats - EIS\" \/>\n<meta property=\"og:description\" content=\"Suivez-nous sur LinkedIn pour acc\u00e9der en primeur \u00e0 nos vid\u00e9os exclusives, nos actualit\u00e9s, nos formations et \u00e9v\u00e9nements ! Partenariats L&#8217;EIS a plusieurs partenaires Pour la fabrication de la mousse scl\u00e9rosante : Sterivein Pour l&#8217;imagerie 3D : Piur Imaging Pour les \u00e9choDoppler : Esaote Pour la simulation m\u00e9dicale et le mat\u00e9riel d&#8217;enseignement : 3B Scientific Diapositive [&hellip;]\" \/>\n<meta property=\"og:url\" content=\"https:\/\/eislearning.goldenmarket-tn.com\/?page_id=3099\" \/>\n<meta property=\"og:site_name\" content=\"EIS\" \/>\n<meta property=\"article:modified_time\" content=\"2025-03-07T18:23:22+00:00\" \/>\n<meta property=\"og:image\" content=\"https:\/\/eislearning.goldenmarket-tn.com\/wp-content\/uploads\/2025\/03\/LinkedIn_icon_circle.svg.png\" \/>\n<meta name=\"twitter:card\" content=\"summary_large_image\" \/>\n<meta name=\"twitter:site\" content=\"@EisLearning\" \/>\n<meta name=\"twitter:label1\" content=\"Dur\u00e9e de lecture estim\u00e9e\" \/>\n\t<meta name=\"twitter:data1\" content=\"1 minute\" \/>\n<script type=\"application\/ld+json\" class=\"yoast-schema-graph\">{\"@context\":\"https:\/\/schema.org\",\"@graph\":[{\"@type\":\"WebPage\",\"@id\":\"https:\/\/eislearning.goldenmarket-tn.com\/?page_id=3099\",\"url\":\"https:\/\/eislearning.goldenmarket-tn.com\/?page_id=3099\",\"name\":\"Partenariats - EIS\",\"isPartOf\":{\"@id\":\"https:\/\/eislearning.goldenmarket-tn.com\/#website\"},\"primaryImageOfPage\":{\"@id\":\"https:\/\/eislearning.goldenmarket-tn.com\/?page_id=3099#primaryimage\"},\"image\":{\"@id\":\"https:\/\/eislearning.goldenmarket-tn.com\/?page_id=3099#primaryimage\"},\"thumbnailUrl\":\"https:\/\/eislearning.goldenmarket-tn.com\/wp-content\/uploads\/2025\/03\/LinkedIn_icon_circle.svg.png\",\"datePublished\":\"2022-02-24T09:53:58+00:00\",\"dateModified\":\"2025-03-07T18:23:22+00:00\",\"breadcrumb\":{\"@id\":\"https:\/\/eislearning.goldenmarket-tn.com\/?page_id=3099#breadcrumb\"},\"inLanguage\":\"fr-FR\",\"potentialAction\":[{\"@type\":\"ReadAction\",\"target\":[\"https:\/\/eislearning.goldenmarket-tn.com\/?page_id=3099\"]}]},{\"@type\":\"ImageObject\",\"inLanguage\":\"fr-FR\",\"@id\":\"https:\/\/eislearning.goldenmarket-tn.com\/?page_id=3099#primaryimage\",\"url\":\"https:\/\/eislearning.goldenmarket-tn.com\/wp-content\/uploads\/2025\/03\/LinkedIn_icon_circle.svg.png\",\"contentUrl\":\"https:\/\/eislearning.goldenmarket-tn.com\/wp-content\/uploads\/2025\/03\/LinkedIn_icon_circle.svg.png\",\"width\":1024,\"height\":1024,\"caption\":\"Linkedin Icon Circle.svg\"},{\"@type\":\"BreadcrumbList\",\"@id\":\"https:\/\/eislearning.goldenmarket-tn.com\/?page_id=3099#breadcrumb\",\"itemListElement\":[{\"@type\":\"ListItem\",\"position\":1,\"name\":\"Accueil\",\"item\":\"https:\/\/eislearning.goldenmarket-tn.com\/\"},{\"@type\":\"ListItem\",\"position\":2,\"name\":\"Partenariats\"}]},{\"@type\":\"WebSite\",\"@id\":\"https:\/\/eislearning.goldenmarket-tn.com\/#website\",\"url\":\"https:\/\/eislearning.goldenmarket-tn.com\/\",\"name\":\"EIS Learning\",\"description\":\"L&#039;\u00e9cole de la m\u00e9thode\",\"publisher\":{\"@id\":\"https:\/\/eislearning.goldenmarket-tn.com\/#organization\"},\"alternateName\":\"EIS\",\"potentialAction\":[{\"@type\":\"SearchAction\",\"target\":{\"@type\":\"EntryPoint\",\"urlTemplate\":\"https:\/\/eislearning.goldenmarket-tn.com\/?s={search_term_string}\"},\"query-input\":{\"@type\":\"PropertyValueSpecification\",\"valueRequired\":true,\"valueName\":\"search_term_string\"}}],\"inLanguage\":\"fr-FR\"},{\"@type\":\"Organization\",\"@id\":\"https:\/\/eislearning.goldenmarket-tn.com\/#organization\",\"name\":\"EIS - Ecole Internationale de scl\u00e9roth\u00e9rapie\",\"url\":\"https:\/\/eislearning.goldenmarket-tn.com\/\",\"logo\":{\"@type\":\"ImageObject\",\"inLanguage\":\"fr-FR\",\"@id\":\"https:\/\/eislearning.goldenmarket-tn.com\/#\/schema\/logo\/image\/\",\"url\":\"https:\/\/eislearning.goldenmarket-tn.com\/wp-content\/uploads\/2019\/06\/Logo-EIS.jpg\",\"contentUrl\":\"https:\/\/eislearning.goldenmarket-tn.com\/wp-content\/uploads\/2019\/06\/Logo-EIS.jpg\",\"width\":2001,\"height\":1125,\"caption\":\"EIS - Ecole Internationale de scl\u00e9roth\u00e9rapie\"},\"image\":{\"@id\":\"https:\/\/eislearning.goldenmarket-tn.com\/#\/schema\/logo\/image\/\"},\"sameAs\":[\"https:\/\/x.com\/EisLearning\",\"https:\/\/www.linkedin.com\/company\/eis-learning\/posts\/?feedView=all\",\"https:\/\/www.instagram.com\/eislearning94\/\"]}]}<\/script>\n<!-- \/ Yoast SEO plugin. -->","yoast_head_json":{"title":"Partenariats - EIS","robots":{"index":"index","follow":"follow","max-snippet":"max-snippet:-1","max-image-preview":"max-image-preview:large","max-video-preview":"max-video-preview:-1"},"canonical":"https:\/\/eislearning.goldenmarket-tn.com\/?page_id=3099","og_locale":"fr_FR","og_type":"article","og_title":"Partenariats - EIS","og_description":"Suivez-nous sur LinkedIn pour acc\u00e9der en primeur \u00e0 nos vid\u00e9os exclusives, nos actualit\u00e9s, nos formations et \u00e9v\u00e9nements ! Partenariats L&#8217;EIS a plusieurs partenaires Pour la fabrication de la mousse scl\u00e9rosante : Sterivein Pour l&#8217;imagerie 3D : Piur Imaging Pour les \u00e9choDoppler : Esaote Pour la simulation m\u00e9dicale et le mat\u00e9riel d&#8217;enseignement : 3B Scientific Diapositive [&hellip;]","og_url":"https:\/\/eislearning.goldenmarket-tn.com\/?page_id=3099","og_site_name":"EIS","article_modified_time":"2025-03-07T18:23:22+00:00","og_image":[{"url":"https:\/\/eislearning.goldenmarket-tn.com\/wp-content\/uploads\/2025\/03\/LinkedIn_icon_circle.svg.png","type":"","width":"","height":""}],"twitter_card":"summary_large_image","twitter_site":"@EisLearning","twitter_misc":{"Dur\u00e9e de lecture estim\u00e9e":"1 minute"},"schema":{"@context":"https:\/\/schema.org","@graph":[{"@type":"WebPage","@id":"https:\/\/eislearning.goldenmarket-tn.com\/?page_id=3099","url":"https:\/\/eislearning.goldenmarket-tn.com\/?page_id=3099","name":"Partenariats - EIS","isPartOf":{"@id":"https:\/\/eislearning.goldenmarket-tn.com\/#website"},"primaryImageOfPage":{"@id":"https:\/\/eislearning.goldenmarket-tn.com\/?page_id=3099#primaryimage"},"image":{"@id":"https:\/\/eislearning.goldenmarket-tn.com\/?page_id=3099#primaryimage"},"thumbnailUrl":"https:\/\/eislearning.goldenmarket-tn.com\/wp-content\/uploads\/2025\/03\/LinkedIn_icon_circle.svg.png","datePublished":"2022-02-24T09:53:58+00:00","dateModified":"2025-03-07T18:23:22+00:00","breadcrumb":{"@id":"https:\/\/eislearning.goldenmarket-tn.com\/?page_id=3099#breadcrumb"},"inLanguage":"fr-FR","potentialAction":[{"@type":"ReadAction","target":["https:\/\/eislearning.goldenmarket-tn.com\/?page_id=3099"]}]},{"@type":"ImageObject","inLanguage":"fr-FR","@id":"https:\/\/eislearning.goldenmarket-tn.com\/?page_id=3099#primaryimage","url":"https:\/\/eislearning.goldenmarket-tn.com\/wp-content\/uploads\/2025\/03\/LinkedIn_icon_circle.svg.png","contentUrl":"https:\/\/eislearning.goldenmarket-tn.com\/wp-content\/uploads\/2025\/03\/LinkedIn_icon_circle.svg.png","width":1024,"height":1024,"caption":"Linkedin Icon Circle.svg"},{"@type":"BreadcrumbList","@id":"https:\/\/eislearning.goldenmarket-tn.com\/?page_id=3099#breadcrumb","itemListElement":[{"@type":"ListItem","position":1,"name":"Accueil","item":"https:\/\/eislearning.goldenmarket-tn.com\/"},{"@type":"ListItem","position":2,"name":"Partenariats"}]},{"@type":"WebSite","@id":"https:\/\/eislearning.goldenmarket-tn.com\/#website","url":"https:\/\/eislearning.goldenmarket-tn.com\/","name":"EIS Learning","description":"L&#039;\u00e9cole de la m\u00e9thode","publisher":{"@id":"https:\/\/eislearning.goldenmarket-tn.com\/#organization"},"alternateName":"EIS","potentialAction":[{"@type":"SearchAction","target":{"@type":"EntryPoint","urlTemplate":"https:\/\/eislearning.goldenmarket-tn.com\/?s={search_term_string}"},"query-input":{"@type":"PropertyValueSpecification","valueRequired":true,"valueName":"search_term_string"}}],"inLanguage":"fr-FR"},{"@type":"Organization","@id":"https:\/\/eislearning.goldenmarket-tn.com\/#organization","name":"EIS - Ecole Internationale de scl\u00e9roth\u00e9rapie","url":"https:\/\/eislearning.goldenmarket-tn.com\/","logo":{"@type":"ImageObject","inLanguage":"fr-FR","@id":"https:\/\/eislearning.goldenmarket-tn.com\/#\/schema\/logo\/image\/","url":"https:\/\/eislearning.goldenmarket-tn.com\/wp-content\/uploads\/2019\/06\/Logo-EIS.jpg","contentUrl":"https:\/\/eislearning.goldenmarket-tn.com\/wp-content\/uploads\/2019\/06\/Logo-EIS.jpg","width":2001,"height":1125,"caption":"EIS - Ecole Internationale de scl\u00e9roth\u00e9rapie"},"image":{"@id":"https:\/\/eislearning.goldenmarket-tn.com\/#\/schema\/logo\/image\/"},"sameAs":["https:\/\/x.com\/EisLearning","https:\/\/www.linkedin.com\/company\/eis-learning\/posts\/?feedView=all","https:\/\/www.instagram.com\/eislearning94\/"]}]}},"uagb_featured_image_src":{"full":false,"thumbnail":false,"medium":false,"medium_large":false,"large":false,"1536x1536":false,"2048x2048":false},"uagb_author_info":{"display_name":"eislearning","author_link":"https:\/\/eislearning.goldenmarket-tn.com\/?author=3"},"uagb_comment_info":0,"uagb_excerpt":"Suivez-nous sur LinkedIn pour acc\u00e9der en primeur \u00e0 nos vid\u00e9os exclusives, nos actualit\u00e9s, nos formations et \u00e9v\u00e9nements ! Partenariats L&#8217;EIS a plusieurs partenaires Pour la fabrication de la mousse scl\u00e9rosante : Sterivein Pour l&#8217;imagerie 3D : Piur Imaging Pour les \u00e9choDoppler : Esaote Pour la simulation m\u00e9dicale et le mat\u00e9riel d&#8217;enseignement : 3B Scientific Diapositive\u2026","_links":{"self":[{"href":"https:\/\/eislearning.goldenmarket-tn.com\/index.php?rest_route=\/wp\/v2\/pages\/3099","targetHints":{"allow":["GET"]}}],"collection":[{"href":"https:\/\/eislearning.goldenmarket-tn.com\/index.php?rest_route=\/wp\/v2\/pages"}],"about":[{"href":"https:\/\/eislearning.goldenmarket-tn.com\/index.php?rest_route=\/wp\/v2\/types\/page"}],"author":[{"embeddable":true,"href":"https:\/\/eislearning.goldenmarket-tn.com\/index.php?rest_route=\/wp\/v2\/users\/3"}],"replies":[{"embeddable":true,"href":"https:\/\/eislearning.goldenmarket-tn.com\/index.php?rest_route=%2Fwp%2Fv2%2Fcomments&post=3099"}],"version-history":[{"count":69,"href":"https:\/\/eislearning.goldenmarket-tn.com\/index.php?rest_route=\/wp\/v2\/pages\/3099\/revisions"}],"predecessor-version":[{"id":5129,"href":"https:\/\/eislearning.goldenmarket-tn.com\/index.php?rest_route=\/wp\/v2\/pages\/3099\/revisions\/5129"}],"wp:attachment":[{"href":"https:\/\/eislearning.goldenmarket-tn.com\/index.php?rest_route=%2Fwp%2Fv2%2Fmedia&parent=3099"}],"curies":[{"name":"wp","href":"https:\/\/api.w.org\/{rel}","templated":true}]}}